{"id":31,"date":"2015-03-31T17:22:59","date_gmt":"2015-03-31T15:22:59","guid":{"rendered":"http:\/\/localhost\/wordpress\/?page_id=31"},"modified":"2016-08-22T16:41:37","modified_gmt":"2016-08-22T14:41:37","slug":"ueber-uns","status":"publish","type":"page","link":"https:\/\/pflanzenmarkt.hamburg\/?page_id=31","title":{"rendered":"\u00dcber uns"},"content":{"rendered":"<p><strong><u>Gut Karlsh\u00f6he<\/u><\/strong><br \/>\nGut Karlsh\u00f6he ist als <strong>Hamburger Umweltzentrum<\/strong> ein Bildungsakteur im Themenkontext von Natur, Energie und Klimaschutz. Gemeinsam mit unseren Partnern verstehen wir uns als Kompetenzzentrum f\u00fcr die Entwicklung und Gestaltung solcher Bildungs- und Freizeitangebote, die Menschen ermutigen und bef\u00e4higen ihr Leben so zu gestalten, dass eine lebenswerte Gegenwart und Zukunft f\u00fcr alle m\u00f6glich wird.<br \/>\nDie <strong>Hamburger Klimaschutzstiftung<\/strong> betreibt das Gut Karlsh\u00f6he und war Tr\u00e4gerin der Modernisierungsma\u00dfnahmen zur Weiterentwicklung des Guts. So entstand ein attraktiver Ausflugs- und Bildungsort rund um die Themen Natur, Energie und Klimaschutz als ganzj\u00e4hriges Angebot f\u00fcr Familien und Kinder, aber auch f\u00fcr interessierte Laien und Multiplikatoren\/innen.<br \/>\nDer Betrieb von Gut Karlsh\u00f6he wird mit Mitteln der <strong>Beh\u00f6rde f\u00fcr Umwelt und Energie<\/strong> der Freien und Hansestadt Hamburg gef\u00f6rdert.<br \/>\nWeitere Informationen unter: <span style=\"color: #000000;\"><a style=\"color: #000000;\" href=\"http:\/\/www.gut-karlshoehe.de\" target=\"_blank\"><u>www.gut-karlshoehe.de<\/u><\/a><\/span><\/p>\n<p><strong><u>Gesellschaft der Staudenfreunde e.V.<\/u><\/strong><br \/>\nDie Gesellschaft der Staudenfreunde e.V. (GdS) ist eine deutschlandweite Vereinigung von Pflanzenfreunden &#8211; Spezialisten wie auch Liebhaber finden bei uns ein &#8222;Zuhause&#8220;. Unsere Aufgabe sehen wir in der Verbreitung und F\u00f6rderung der Stauden: wir wollen das Wissen \u00fcber diese Pflanzen nicht nur bewahren, sondern weiter entwickeln und vor allem weiter geben.<br \/>\nDer Begriff der <strong>Stauden<\/strong> umfa\u00dft s\u00e4mtliche Prachtstauden, wie z.B. Iris, Rittersporn oder P\u00e4onien ebenso wie alle Wildstauden, Kletterpflanzen, Zwiebel- und Knollengew\u00e4chse oder alpine Pflanzen.<br \/>\nWir haben bundesweit mehr als 5000 Mitglieder, sind in 42 Regional- und 15 Fachgruppen organisiert. Rund ums Jahr gibt es bei uns attraktive Vortragsveranstaltungen zu interessanten Pflanzenthemen, au\u00dferdem Jahres- und Fachgruppentagungen mit Besichtigungs- und Vortragsprogramm. Wir organisieren j\u00e4hrlich eine einzigartige bundesweite Samentauschaktion, in vielen Regionen organisieren GdS-Mitglieder die Aktion &#8222;Offene Gartenpforte&#8220;.<br \/>\nWeitere Informationen unter: <span style=\"color: #000000;\"><a style=\"color: #000000;\" href=\"http:\/\/www.gds-staudenfreunde.de\" target=\"_blank\"><u>www.gds-staudenfreunde.de<\/u><\/a><\/span>  <\/p>\n","protected":false},"excerpt":{"rendered":"<p>Gut Karlsh\u00f6he Gut Karlsh\u00f6he ist als Hamburger Umweltzentrum ein Bildungsakteur im Themenkontext von Natur, Energie und Klimaschutz. Gemeinsam mit unseren Partnern verstehen wir uns als Kompetenzzentrum f\u00fcr die Entwicklung und Gestaltung solcher Bildungs- und Freizeitangebote, die Menschen ermutigen und bef\u00e4higen ihr Leben so zu gestalten, dass eine lebenswerte Gegenwart und\u2026<\/p>\n<p> <a class=\"continue-reading-link\" href=\"https:\/\/pflanzenmarkt.hamburg\/?page_id=31\"><span>Continue reading<\/span><i class=\"crycon-right-dir\"><\/i><\/a> <\/p>\n","protected":false},"author":2,"featured_media":0,"parent":0,"menu_order":0,"comment_status":"closed","ping_status":"closed","template":"","meta":{"footnotes":""},"class_list":["post-31","page","type-page","status-publish","hentry"],"_links":{"self":[{"href":"https:\/\/pflanzenmarkt.hamburg\/index.php?rest_route=\/wp\/v2\/pages\/31","targetHints":{"allow":["GET"]}}],"collection":[{"href":"https:\/\/pflanzenmarkt.hamburg\/index.php?rest_route=\/wp\/v2\/pages"}],"about":[{"href":"https:\/\/pflanzenmarkt.hamburg\/index.php?rest_route=\/wp\/v2\/types\/page"}],"author":[{"embeddable":true,"href":"https:\/\/pflanzenmarkt.hamburg\/index.php?rest_route=\/wp\/v2\/users\/2"}],"replies":[{"embeddable":true,"href":"https:\/\/pflanzenmarkt.hamburg\/index.php?rest_route=%2Fwp%2Fv2%2Fcomments&post=31"}],"version-history":[{"count":1,"href":"https:\/\/pflanzenmarkt.hamburg\/index.php?rest_route=\/wp\/v2\/pages\/31\/revisions"}],"predecessor-version":[{"id":179,"href":"https:\/\/pflanzenmarkt.hamburg\/index.php?rest_route=\/wp\/v2\/pages\/31\/revisions\/179"}],"wp:attachment":[{"href":"https:\/\/pflanzenmarkt.hamburg\/index.php?rest_route=%2Fwp%2Fv2%2Fmedia&parent=31"}],"curies":[{"name":"wp","href":"https:\/\/api.w.org\/{rel}","templated":true}]}}