{"id":45,"date":"2015-04-06T11:48:01","date_gmt":"2015-04-06T09:48:01","guid":{"rendered":"http:\/\/localhost\/wordpress\/?page_id=45"},"modified":"2020-03-16T11:14:23","modified_gmt":"2020-03-16T10:14:23","slug":"45-2","status":"publish","type":"page","link":"https:\/\/pflanzenmarkt.hamburg\/","title":{"rendered":"Home"},"content":{"rendered":"\n<p><span style=\"color: #e63e3e;\">  <\/span><\/p><p>Kleine G\u00e4rtnereien aus dem Hamburger Umland sowie engagierte Hobbyg\u00e4rtner bieten jedes Jahr zum Beginn der Gartensaison auf dem Gel\u00e4nde des historischen Gutshofs ihre Pflanzen an.<\/p>\n<p>Der Pflanzenmarkt wird von der Hamburger Klimaschutzstiftung in Zusammenarbeit mit der Regionalgruppe Hamburg der Gesellschaft der Staudenfreunde e.V. (GdS) veranstaltet. Neben den Pflanzen ist auch Beratung und Erfahrungsaustausch im Angebot, insbesondere am Info-Stand der GdS.<\/p>\n<p><a href=\"http:\/\/pflanzenmarkt.hamburg\/wp-content\/uploads\/2016\/02\/7294_Copyright.jpg\" rel=\"attachment wp-att-111\" data-rel=\"lightbox-image-0\" data-rl_title=\"\" data-rl_caption=\"\" title=\"\"><img loading=\"lazy\" decoding=\"async\" class=\"alignnone wp-image-111\" src=\"http:\/\/pflanzenmarkt.hamburg\/wp-content\/uploads\/2016\/02\/7294_Copyright-1024x683.jpg\" alt=\"7294_Copyright\" width=\"550\" height=\"367\" srcset=\"https:\/\/pflanzenmarkt.hamburg\/wp-content\/uploads\/2016\/02\/7294_Copyright-1024x683.jpg 1024w, https:\/\/pflanzenmarkt.hamburg\/wp-content\/uploads\/2016\/02\/7294_Copyright-300x200.jpg 300w, https:\/\/pflanzenmarkt.hamburg\/wp-content\/uploads\/2016\/02\/7294_Copyright-225x150.jpg 225w, https:\/\/pflanzenmarkt.hamburg\/wp-content\/uploads\/2016\/02\/7294_Copyright-150x100.jpg 150w\" sizes=\"auto, (max-width: 550px) 100vw, 550px\" \/><\/a><a href=\"http:\/\/pflanzenmarkt.hamburg\/wp-content\/uploads\/2016\/02\/IMG_1162_copright.jpg\" rel=\"attachment wp-att-112\" data-rel=\"lightbox-image-1\" data-rl_title=\"\" data-rl_caption=\"\" title=\"\"><img loading=\"lazy\" decoding=\"async\" class=\"alignnone wp-image-112\" src=\"http:\/\/pflanzenmarkt.hamburg\/wp-content\/uploads\/2016\/02\/IMG_1162_copright-1024x683.jpg\" alt=\"IMG_1162_copright\" width=\"550\" height=\"367\" srcset=\"https:\/\/pflanzenmarkt.hamburg\/wp-content\/uploads\/2016\/02\/IMG_1162_copright-1024x683.jpg 1024w, https:\/\/pflanzenmarkt.hamburg\/wp-content\/uploads\/2016\/02\/IMG_1162_copright-300x200.jpg 300w, https:\/\/pflanzenmarkt.hamburg\/wp-content\/uploads\/2016\/02\/IMG_1162_copright-225x150.jpg 225w, https:\/\/pflanzenmarkt.hamburg\/wp-content\/uploads\/2016\/02\/IMG_1162_copright-150x100.jpg 150w\" sizes=\"auto, (max-width: 550px) 100vw, 550px\" \/><\/a><\/p>\n\n\n\n<p><\/p>\n","protected":false},"excerpt":{"rendered":"<p>Kleine G\u00e4rtnereien aus dem Hamburger Umland sowie engagierte Hobbyg\u00e4rtner bieten jedes Jahr zum Beginn der Gartensaison auf dem Gel\u00e4nde des historischen Gutshofs ihre Pflanzen an. Der Pflanzenmarkt wird von der Hamburger Klimaschutzstiftung in Zusammenarbeit mit der Regionalgruppe Hamburg der Gesellschaft der Staudenfreunde e.V. (GdS) veranstaltet. Neben den Pflanzen ist auch\u2026<\/p>\n<p> <a class=\"continue-reading-link\" href=\"https:\/\/pflanzenmarkt.hamburg\/\"><span>Continue reading<\/span><i class=\"crycon-right-dir\"><\/i><\/a> <\/p>\n","protected":false},"author":2,"featured_media":0,"parent":0,"menu_order":0,"comment_status":"closed","ping_status":"closed","template":"","meta":{"footnotes":""},"class_list":["post-45","page","type-page","status-publish","hentry"],"_links":{"self":[{"href":"https:\/\/pflanzenmarkt.hamburg\/index.php?rest_route=\/wp\/v2\/pages\/45","targetHints":{"allow":["GET"]}}],"collection":[{"href":"https:\/\/pflanzenmarkt.hamburg\/index.php?rest_route=\/wp\/v2\/pages"}],"about":[{"href":"https:\/\/pflanzenmarkt.hamburg\/index.php?rest_route=\/wp\/v2\/types\/page"}],"author":[{"embeddable":true,"href":"https:\/\/pflanzenmarkt.hamburg\/index.php?rest_route=\/wp\/v2\/users\/2"}],"replies":[{"embeddable":true,"href":"https:\/\/pflanzenmarkt.hamburg\/index.php?rest_route=%2Fwp%2Fv2%2Fcomments&post=45"}],"version-history":[{"count":19,"href":"https:\/\/pflanzenmarkt.hamburg\/index.php?rest_route=\/wp\/v2\/pages\/45\/revisions"}],"predecessor-version":[{"id":445,"href":"https:\/\/pflanzenmarkt.hamburg\/index.php?rest_route=\/wp\/v2\/pages\/45\/revisions\/445"}],"wp:attachment":[{"href":"https:\/\/pflanzenmarkt.hamburg\/index.php?rest_route=%2Fwp%2Fv2%2Fmedia&parent=45"}],"curies":[{"name":"wp","href":"https:\/\/api.w.org\/{rel}","templated":true}]}}