{"id":49,"date":"2015-04-06T13:57:50","date_gmt":"2015-04-06T11:57:50","guid":{"rendered":"http:\/\/localhost\/wordpress\/?page_id=49"},"modified":"2024-02-20T14:29:27","modified_gmt":"2024-02-20T13:29:27","slug":"anmeldung","status":"publish","type":"page","link":"https:\/\/pflanzenmarkt.hamburg\/?page_id=49","title":{"rendered":"Anmeldung"},"content":{"rendered":"<p>Sie m\u00f6chten beim Hamburger Pflanzenmarkt als Aussteller\/Anbieter dabeisein?<\/p>\n<p>Egal ob privat, gewerblich, als Institution oder nur mit einem Infostand &#8211; <strong>bitte senden Sie uns eine E-Mail<\/strong> (info@pflanzenmarkt.hamburg) und geben uns Ihre Standw\u00fcnsche sowie eine Information \u00fcber Ihr Sortiment auf.<\/p>\n<p>Wir m\u00fcssen uns leider vorbehalten, aufgrund des begrenzten Platzes und im Interesse eines m\u00f6glichst ausgewogenen, vielf\u00e4ltigen und regionalen Angebots gegebenenfalls eine Anmeldung abzulehnen.<\/p>\n<p><strong>Die Teilnahme am Hamburger Pflanzenmarkt ist nur mit einer g\u00fcltigen Teilnahmebest\u00e4tigung m\u00f6glich, die Sie nach Anmeldung und Zahlung der Standgeb\u00fchr erhalten!<\/strong> Daher bitte den oben angef\u00fchrten Weg unbedingt einhalten.<\/p>\n<p>Bitte beachten Sie auch unsere <strong>Teilnahmeregelungen<\/strong>, die nachfolgend zum Download bereitstehen.<\/p>\n<p><a href=\"http:\/\/pflanzenmarkt.hamburg\/wp-content\/uploads\/2024\/02\/Teilnahmeregelungen_2024.pdf\" data-wplink-edit=\"true\">Teilnahmeregelungen<\/a><\/p>\n","protected":false},"excerpt":{"rendered":"<p>Sie m\u00f6chten beim Hamburger Pflanzenmarkt als Aussteller\/Anbieter dabeisein? Egal ob privat, gewerblich, als Institution oder nur mit einem Infostand &#8211; bitte senden Sie uns eine E-Mail (info@pflanzenmarkt.hamburg) und geben uns Ihre Standw\u00fcnsche sowie eine Information \u00fcber Ihr Sortiment auf. Wir m\u00fcssen uns leider vorbehalten, aufgrund des begrenzten Platzes und im\u2026<\/p>\n<p> <a class=\"continue-reading-link\" href=\"https:\/\/pflanzenmarkt.hamburg\/?page_id=49\"><span>Continue reading<\/span><i class=\"crycon-right-dir\"><\/i><\/a> <\/p>\n","protected":false},"author":2,"featured_media":0,"parent":0,"menu_order":0,"comment_status":"closed","ping_status":"closed","template":"","meta":{"footnotes":""},"class_list":["post-49","page","type-page","status-publish","hentry"],"_links":{"self":[{"href":"https:\/\/pflanzenmarkt.hamburg\/index.php?rest_route=\/wp\/v2\/pages\/49","targetHints":{"allow":["GET"]}}],"collection":[{"href":"https:\/\/pflanzenmarkt.hamburg\/index.php?rest_route=\/wp\/v2\/pages"}],"about":[{"href":"https:\/\/pflanzenmarkt.hamburg\/index.php?rest_route=\/wp\/v2\/types\/page"}],"author":[{"embeddable":true,"href":"https:\/\/pflanzenmarkt.hamburg\/index.php?rest_route=\/wp\/v2\/users\/2"}],"replies":[{"embeddable":true,"href":"https:\/\/pflanzenmarkt.hamburg\/index.php?rest_route=%2Fwp%2Fv2%2Fcomments&post=49"}],"version-history":[{"count":34,"href":"https:\/\/pflanzenmarkt.hamburg\/index.php?rest_route=\/wp\/v2\/pages\/49\/revisions"}],"predecessor-version":[{"id":596,"href":"https:\/\/pflanzenmarkt.hamburg\/index.php?rest_route=\/wp\/v2\/pages\/49\/revisions\/596"}],"wp:attachment":[{"href":"https:\/\/pflanzenmarkt.hamburg\/index.php?rest_route=%2Fwp%2Fv2%2Fmedia&parent=49"}],"curies":[{"name":"wp","href":"https:\/\/api.w.org\/{rel}","templated":true}]}}