{"id":623,"date":"2026-02-27T15:22:11","date_gmt":"2026-02-27T14:22:11","guid":{"rendered":"https:\/\/pflanzenmarkt.hamburg\/?page_id=623"},"modified":"2026-03-03T15:34:30","modified_gmt":"2026-03-03T14:34:30","slug":"aussteller-2026","status":"publish","type":"page","link":"https:\/\/pflanzenmarkt.hamburg\/?page_id=623","title":{"rendered":"Aussteller 2026"},"content":{"rendered":"\n<p>Beim Hamburger Pflanzenmarkt am 12.04.2026 werden u. a. folgende Aussteller dabei sein:<\/p>\n\n<table>\n<tbody>\n<tr><td><span style=\"font-size: 18px;\">Lilli Albrecht<\/span><\/td><td><span style=\"font-size: 18px;\">Wildkr\u00e4uterp\u00e4dagogin<\/span><\/td><td><span style=\"font-size: 16px;\"><a style=\"color: #3366ff;\" href=\"https:\/\/lillis-kraeuterpfad.de\" target=\"_blank\" rel=\"noopener\">lillis-kraeuterpfad.de<\/a><\/span><\/td><\/tr>\n\n<tr><td><span style=\"font-size: 18px;\">Alsterarbeit &#8211; Alsterg\u00e4rtner<\/span><\/td><td><span style=\"font-size: 18px;\">Stauden, Kr\u00e4uter<\/span><\/td><td><span style=\"font-size: 16px;\"><a style=\"color: #3366ff;\" href=\"https:\/\/www.alsterarbeit.de\/betriebsstaetten-und-standorte\/alstergaertner\" target=\"_blank\" rel=\"noopener\">https:\/\/www.alsterarbeit.de\/betriebsstaetten-und-standorte\/alstergaertner<\/a><\/span><\/td><\/tr>\n\n<tr><td><span style=\"font-size: 18px;\">Eckart Brandt<\/span><\/td><td><span style=\"font-size: 18px;\">Obstb\u00e4ume in alten Sorten<\/span><\/td><td><span style=\"font-size: 16px;\"><a style=\"color: #3366ff;\" href=\"http:\/\/www.boomgarden.de\" target=\"_blank\" rel=\"noopener\">www.boomgarden.de<\/a><\/span><\/td><\/tr>\n\n<tr><td><span style=\"font-size: 18px;\">Das gr\u00fcne Kollektiv &#8211; Durch Erleben lernen e.V.<\/span><\/td><td><span style=\"font-size: 18px;\">Sch\u00fclerfirma mit Gem\u00fcsejungpflanzen, Kr\u00e4utern, Kartoffeln, Saatgut<\/span><\/td><td><span style=\"font-size: 16px;\"><a style=\"color: #3366ff;\" href=\"https:\/\/www.das-gruene-kollektiv.de\/de\" target=\"_blank\" rel=\"noopener\">www.das-gruene-kollektiv.de<\/a><\/span><\/td><\/tr>\n\n<tr><td><span style=\"font-size: 18px;\">De Wit<\/span><\/td><td><span style=\"font-size: 18px;\">Hochwertige Gartenger\u00e4te<\/span><\/td><td><span style=\"font-size: 16px;\"><a style=\"color: #3366ff;\" href=\"https:\/\/dewitonline.de\" target=\"_blank\" rel=\"noopener\">dewitonline.de<\/a><\/span><\/td><\/tr>\n\n<tr><td><span style=\"font-size: 18px;\">Die Sachenmacher<\/span><\/td><td><span style=\"font-size: 18px;\">Garten- u. Wohndeko, Keramik, Treibholzdeko<\/span><\/td><td><span style=\"font-size: 16px;\"><a style=\"color: #3366ff;\" href=\"https:\/\/diesachenmacher.de\" target=\"_blank\" rel=\"noopener\">www.diesachenmacher.de<\/a><\/span><\/td><\/tr>\n\n<tr><td><span style=\"font-size: 18px;\">Erlebnisgarten Hamburg<\/span><\/td><td><span style=\"font-size: 18px;\">Bioland Kr\u00e4uter und Gem\u00fcsejungpflanzen<\/span><\/td><td><span style=\"font-size: 16px;\"><a style=\"color: #3366ff;\" href=\"https:\/\/www.erlebnisgarten-hamburg.de\" target=\"_blank\" rel=\"noopener\">www.erlebnisgarten-hamburg.de<\/a><\/span><\/td><\/tr>\n\n<tr><td><span style=\"font-size: 18px;\">Malte Fischer<\/span><\/td><td><span style=\"font-size: 18px;\">Kamelienkulturen<\/span><\/td><td><span style=\"font-size: 16px;\"><a style=\"color: #3366ff;\" href=\"https:\/\/www.kamelie.de\" target=\"_blank\" rel=\"noopener\">www.kamelie.de<\/a><\/span><\/td><\/tr>\n\n<tr><td><span style=\"font-size: 18px;\">GdS-Regionalgruppe Hamburg<\/span><\/td><td><span style=\"font-size: 18px;\">Informationsstand<\/span><\/td><td><span style=\"font-size: 16px;\"><a style=\"color: #3366ff;\" href=\"https:\/\/gds-staudenfreunde.de\/regionalgruppe-hamburg\" target=\"_blank\" rel=\"noopener\">www.gds-staudenfreunde.de\/regionalgruppe-hamburg<\/a><\/span><\/td><\/tr>\n\n<tr><td><span style=\"font-size: 18px;\">Anja Goldmann<\/span><\/td><td><span style=\"font-size: 18px;\">Edelsteine f\u00fcr Heilzwecke<\/span><\/td><td><\/td><\/tr>\n\n<tr><td><span style=\"font-size: 18px;\">Angela Hachmeister<\/span><\/td><td><span style=\"font-size: 18px;\">Gartengestaltung \/ Permakultur, Insektennisthilfen<\/span><\/td><td><span style=\"font-size: 16px;\"><a style=\"color: #3366ff;\" href=\"https:\/\/beetundbiene.de\" target=\"_blank\" rel=\"noopener\">https:\/\/beetundbiene.de<\/a><\/span><\/td><\/tr>\n\n<tr><td><span style=\"font-size: 18px;\">Angela Hardt<\/span><\/td><td><span style=\"font-size: 18px;\">Handgefertigte Pflanzen\u00f6lseifen<\/span><\/td><td><span style=\"font-size: 16px;\"><a style=\"color: #3366ff;\" href=\"\" target=\"_blank\"><\/a><\/span><\/td><\/tr>\n\n<tr><td><span style=\"font-size: 18px;\">Herb&#8217;s Bioland G\u00e4rtnerei<\/span><\/td><td><span style=\"font-size: 18px;\">Bioland Gem\u00fcsepflanzen &#038; Wildstauden<\/span><\/td><td><span style=\"font-size: 16px;\"><a style=\"color: #3366ff;\" href=\"https:\/\/herb-s.de\" target=\"_blank\" rel=\"noopener\">herb-s.de<\/a><\/span><\/td><\/tr>\n\n<tr><td><span style=\"font-size: 18px;\">G\u00e4rtnerei Hundertblatt<\/span><\/td><td><span style=\"font-size: 18px;\">Wildpflanzen und Saatgutprodukte<\/span><\/td><td><span style=\"font-size: 16px;\"><a style=\"color: #3366ff;\" href=\"https:\/\/www.hundertblatt.de\" target=\"_blank\" rel=\"noopener\">https:\/\/www.hundertblatt.de<\/a><\/span><\/td><\/tr>\n\n<tr><td><span style=\"font-size: 18px;\">Imkerverein Hamburg-Bramfeld e.V.<\/span><\/td><td><span style=\"font-size: 18px;\"><\/span><\/td><td><span style=\"font-size: 16px;\"><a style=\"color: #3366ff;\" href=\"https:\/\/imkerverein-hamburg-bramfeld.org\" target=\"_blank\" rel=\"noopener\">https:\/\/imkerverein-hamburg-bramfeld.org<\/a><\/span><\/td><\/tr>\n\n<tr><td><span style=\"font-size: 18px;\">Rarit\u00e4ten-Baumschule Bernd Kalettka<\/span><\/td><td><span style=\"font-size: 18px;\">Geh\u00f6lze, Rarit\u00e4ten, Beerenstr\u00e4ucher<\/span><\/td><td><\/td><\/tr>\n\n<tr><td><span style=\"font-size: 18px;\">Staudenkulturen Klingel &#038; Luckhardt<\/span><\/td><td><span style=\"font-size: 18px;\">ausgew\u00e4hlte Staudensortimente f\u00fcr Licht &#038; Schatten<\/span><\/td><td><span style=\"font-size: 16px;\"><a style=\"color: #3366ff;\" href=\"https:\/\/www.stauden-klingel-luckhardt.de\" target=\"_blank\" rel=\"noopener\">www.stauden-klingel-luckhardt.de<\/a><\/span><\/td><\/tr>\n\n<tr><td><span style=\"font-size: 18px;\">Kr\u00e4uter-Gefl\u00fcster<\/span><\/td><td><span style=\"font-size: 18px;\">Heil- und K\u00fcchenkr\u00e4uter, Beerenobst<\/span><\/td><td><span style=\"font-size: 16px;\"><a style=\"color: #3366ff;\" href=\"https:\/\/kraeuter-gefluester.de\" target=\"_blank\" rel=\"noopener\">kraeuter-gefluester.de<\/a><\/span><\/td><\/tr>\n\n<tr><td><span style=\"font-size: 18px;\">Kr\u00e4uter-Simon<\/span><\/td><td><span style=\"font-size: 18px;\">Bioland-Kr\u00e4uter und -Duftpflanzen <\/span><\/td><td><span style=\"font-size: 16px;\"><a style=\"color: #3366ff;\" href=\"https:\/\/www.kraeuter-simon.com\" target=\"_blank\" rel=\"noopener\">www.kraeuter-simon.com<\/a><\/span><\/td><\/tr>\n\n<tr><td><span style=\"font-size: 18px;\">Lakritzfein<\/span><\/td><td><span style=\"font-size: 18px;\">Lakritze<\/span><\/td><td><span style=\"font-size: 16px;\"><a style=\"color: #3366ff;\" href=\"https:\/\/www.lakritzfein.de\" target=\"_blank\" rel=\"noopener\">https:\/\/www.lakritzfein.de<\/a><\/span><\/td><\/tr>\n\n<tr><td><span style=\"font-size: 18px;\">Loki-Schmidt-Stiftung<\/span><\/td><td><span style=\"font-size: 18px;\">Blume des Jahres, Infomaterial<\/span><\/td><td><span style=\"font-size: 16px;\"><a style=\"color: #3366ff;\" href=\"https:\/\/loki-schmidt-stiftung.de\" target=\"_blank\" rel=\"noopener\">loki-schmidt-stiftung.de<\/a><\/span><\/td><\/tr>\n\n<tr><td><span style=\"font-size: 18px;\">M\u00e4hlmann Gartendeko<\/span><\/td><td><span style=\"font-size: 18px;\">Zink-Gartendeko, alte Gartenger\u00e4te<\/span><\/td><td><\/td><\/tr>\n\n<tr><td><span style=\"font-size: 18px;\">Kr\u00e4uter- u. Staudeng\u00e4rtnerei Frederik Moos<\/span><\/td><td><span style=\"font-size: 18px;\">Kr\u00e4uter und Stauden<\/span><\/td><td><span style=\"font-size: 16px;\"><a style=\"color: #3366ff;\" href=\"https:\/\/www.gaertnerei-moos.de\" target=\"_blank\" rel=\"noopener\">www.gaertnerei-moos.de<\/a><\/span><\/td><\/tr>\n\n<tr><td><span style=\"font-size: 18px;\">M\u00fcnster Baumschulen<\/span><\/td><td><span style=\"font-size: 18px;\">Clematis, Schlinger, Laub- und Nadelgeh\u00f6lze<\/span><\/td><td><span style=\"font-size: 16px;\"><a style=\"color: #3366ff;\" href=\"https:\/\/www.clematis-muenster.de\" target=\"_blank\" rel=\"noopener\">www.clematis-muenster.de<\/a><\/span><\/td><\/tr>\n\n<tr><td><span style=\"font-size: 18px;\">Naturgarten Regionalgruppe Hamburg<\/span><\/td><td><span style=\"font-size: 18px;\">Info, Saat, Literatur<\/span><\/td><td><span style=\"font-size: 16px;\"><a style=\"color: #3366ff;\" href=\"https:\/\/naturgarten.org\/regionalgruppe-hamburg\/\" target=\"_blank\" rel=\"noopener\">https:\/\/naturgarten.org\/regionalgruppe-hamburg\/<\/a><\/span><\/td><\/tr>\n\n<tr><td><span style=\"font-size: 18px;\">G\u00e4rtnerei Palatini<\/span><\/td><td><span style=\"font-size: 18px;\">Gem\u00fcsejungpflanzen, Besonderheiten<\/span><\/td><td><span style=\"font-size: 16px;\"><a style=\"color: #3366ff;\" href=\"https:\/\/www.gaertnerei-palatini.de\" target=\"_blank\" rel=\"noopener\">www.gaertnerei-palatini.de<\/a><\/span><\/td><\/tr>\n\n<tr><td><span style=\"font-size: 18px;\">PaLS Permakulturpark<\/span><\/td><td><span style=\"font-size: 18px;\">Handverlesenes Gem\u00fcsesaatgut (Bioland zertifiziert)<\/span><\/td><td><span style=\"font-size: 16px;\"><a style=\"color: #3366ff;\" href=\"https:\/\/permakulturpark.de\" target=\"_blank\" rel=\"noopener\">permakulturpark.de<\/a><\/span><\/td><\/tr>\n\n<tr><td><span style=\"font-size: 18px;\">G\u00e4rtnerei Piepereit<\/span><\/td><td><span style=\"font-size: 18px;\">Stauden, Sommerblumen, Rosen<\/span><\/td><td><span style=\"font-size: 16px;\"><a style=\"color: #3366ff;\" href=\"https:\/\/gaertnerei-piepereit.de\" target=\"_blank\" rel=\"noopener\">https:\/\/gaertnerei-piepereit.de<\/a><\/span><\/td><\/tr>\n\n<tr><td><span style=\"font-size: 18px;\">SinnlosSch\u00f6n<\/span><\/td><td><span style=\"font-size: 18px;\">Filzdesign<\/span><\/td><td><span style=\"font-size: 16px;\"><a style=\"color: #3366ff;\" href=\"https:\/\/www.sinnlosschoen-filzdesign.de\" target=\"_blank\" rel=\"noopener\">www.sinnlosschoen-filzdesign.de<\/a><\/span><\/td><\/tr>\n\n<tr><td><span style=\"font-size: 18px;\">Stadtgarten EssBar<\/span><\/td><td><span style=\"font-size: 18px;\">Jungpflanzen, Info Stadtgartenbau<\/span><\/td><td><span style=\"font-size: 16px;\"><a style=\"color: #3366ff;\" href=\"https:\/\/stadtgartenessbar.de\" target=\"_blank\" rel=\"noopener\">stadtgartenessbar.de<\/a><\/span><\/td><\/tr>\n\n<tr><td><span style=\"font-size: 18px;\">Verein zur Erhaltung der Nutzpflanzenvielfalt<\/span><\/td><td><span style=\"font-size: 18px;\">Saatgut, Infomaterial<\/span><\/td><td><span style=\"font-size: 16px;\"><a style=\"color: #3366ff;\" href=\"https:\/\/www.nutzpflanzenvielfalt.de\" target=\"_blank\" rel=\"noopener\">https:\/\/www.nutzpflanzenvielfalt.de<\/a><\/span><\/td><\/tr>\n\n<tr><td><span style=\"font-size: 18px;\">Bio-G\u00e4rtnerei von Elling<\/span><\/td><td><span style=\"font-size: 18px;\">Geh\u00f6lze, Str\u00e4ucher und D\u00fcnger<\/span><\/td><td><span style=\"font-size: 16px;\"><a style=\"color: #3366ff;\" href=\"https:\/\/bio-g\u00e4rtnerei-von-elling.de\" target=\"_blank\" rel=\"noopener\">bio-g\u00e4rtnerei-von-elling.de<\/a><\/span><\/td><\/tr>\n\n<tr><td><span style=\"font-size: 18px;\">Staudeng\u00e4rtnerei Wildwuchs<\/span><\/td><td><span style=\"font-size: 18px;\">Wildstauden und -gem\u00fcse<\/span><\/td><td><\/td><\/tr>\n\n<tr><td><span style=\"font-size: 18px;\">Baumschule Wilksen<\/span><\/td><td><span style=\"font-size: 18px;\">Ginster, Schmetterlingsbl\u00fcher<\/span><\/td><td><\/td><\/tr>\n\n<tr><td><span style=\"font-size: 18px;\">Wurmkontor<\/span><\/td><td><span style=\"font-size: 18px;\">Wurmhumus, org. D\u00fcnger, Bodenverbesserer<\/span><\/td><td><span style=\"font-size: 16px;\"><a style=\"color: #3366ff;\" href=\"https:\/\/www.wurmkontor.de\" target=\"_blank\" rel=\"noopener\">www.wurmkontor.de<\/a><\/span><\/td><\/tr>\n\n\n\n<\/tbody>\n<\/table>\n\n","protected":false},"excerpt":{"rendered":"<p>Beim Hamburger Pflanzenmarkt am 12.04.2026 werden u. a. folgende Aussteller dabei sein: Lilli Albrecht Wildkr\u00e4uterp\u00e4dagogin lillis-kraeuterpfad.de Alsterarbeit &#8211; Alsterg\u00e4rtner Stauden, Kr\u00e4uter https:\/\/www.alsterarbeit.de\/betriebsstaetten-und-standorte\/alstergaertner Eckart Brandt Obstb\u00e4ume in alten Sorten www.boomgarden.de Das gr\u00fcne Kollektiv &#8211; Durch Erleben lernen e.V. Sch\u00fclerfirma mit Gem\u00fcsejungpflanzen, Kr\u00e4utern, Kartoffeln, Saatgut www.das-gruene-kollektiv.de De Wit Hochwertige Gartenger\u00e4te dewitonline.de Die\u2026<\/p>\n<p> <a class=\"continue-reading-link\" href=\"https:\/\/pflanzenmarkt.hamburg\/?page_id=623\"><span>Continue reading<\/span><i class=\"crycon-right-dir\"><\/i><\/a> <\/p>\n","protected":false},"author":1,"featured_media":0,"parent":0,"menu_order":0,"comment_status":"closed","ping_status":"closed","template":"","meta":{"footnotes":""},"class_list":["post-623","page","type-page","status-publish","hentry"],"_links":{"self":[{"href":"https:\/\/pflanzenmarkt.hamburg\/index.php?rest_route=\/wp\/v2\/pages\/623","targetHints":{"allow":["GET"]}}],"collection":[{"href":"https:\/\/pflanzenmarkt.hamburg\/index.php?rest_route=\/wp\/v2\/pages"}],"about":[{"href":"https:\/\/pflanzenmarkt.hamburg\/index.php?rest_route=\/wp\/v2\/types\/page"}],"author":[{"embeddable":true,"href":"https:\/\/pflanzenmarkt.hamburg\/index.php?rest_route=\/wp\/v2\/users\/1"}],"replies":[{"embeddable":true,"href":"https:\/\/pflanzenmarkt.hamburg\/index.php?rest_route=%2Fwp%2Fv2%2Fcomments&post=623"}],"version-history":[{"count":8,"href":"https:\/\/pflanzenmarkt.hamburg\/index.php?rest_route=\/wp\/v2\/pages\/623\/revisions"}],"predecessor-version":[{"id":636,"href":"https:\/\/pflanzenmarkt.hamburg\/index.php?rest_route=\/wp\/v2\/pages\/623\/revisions\/636"}],"wp:attachment":[{"href":"https:\/\/pflanzenmarkt.hamburg\/index.php?rest_route=%2Fwp%2Fv2%2Fmedia&parent=623"}],"curies":[{"name":"wp","href":"https:\/\/api.w.org\/{rel}","templated":true}]}}